{"id":222,"date":"2025-02-14T11:16:17","date_gmt":"2025-02-14T11:16:17","guid":{"rendered":"https:\/\/casinoberjalan.co\/?page_id=222"},"modified":"2025-02-20T13:20:59","modified_gmt":"2025-02-20T13:20:59","slug":"o-nama","status":"publish","type":"page","link":"https:\/\/casinoberjalan.co\/sr\/o-nama\/","title":{"rendered":"O nama"},"content":{"rendered":"<p>Dobrodo\u0161li na <strong>CasinoBerjalan.co<\/strong>! Na\u0161 cilj je da pru\u017eimo detaljne vodi\u010de, savete i strategije koji \u0107e vam pomo\u0107i da unapredite svoje kazino iskustvo i pove\u0107ate \u0161anse da osvojite novac. Fokus \u0107e biti da vam pru\u017eimo sve potrebne alate i znanje kako biste postali sigurniji igra\u010d.<\/p>\n\n\n\n<p>Na <strong>CasinoBerjalan.co<\/strong>, verujemo da su kazino igre mnogo vi\u0161e od zabave \u2013 one zahtevaju razumevanje, strategiju i taktiku. Na\u0161 tim stru\u010dnjaka pa\u017eljivo analizira najpopularnije kazino igre, od ruleta do poker varijanti i bled\u017eek stolova. Pru\u017eamo vam informacije o pravilima, strategijama, kao i psiholo\u0161kim tehnikama koje \u0107e vam omogu\u0107iti da donosite bolje odluke za stolom.<\/p>","protected":false},"excerpt":{"rendered":"<p>Dobrodo\u0161li na CasinoBerjalan.co! Na\u0161 cilj je da pru\u017eimo detaljne vodi\u010de, savete i strategije koji \u0107e vam pomo\u0107i da unapredite svoje kazino iskustvo i pove\u0107ate \u0161anse da osvojite novac. Fokus \u0107e biti da vam pru\u017eimo sve potrebne alate i znanje kako biste postali sigurniji igra\u010d. Na CasinoBerjalan.co, verujemo da su kazino igre mnogo vi\u0161e od zabave \u2013 one zahtevaju razumevanje, strategiju i taktiku. Na\u0161 tim stru\u010dnjaka pa\u017eljivo analizira najpopularnije kazino igre, od ruleta do poker varijanti i bled\u017eek stolova. Pru\u017eamo vam&#8230;<\/p>\n<p class=\"read-more\"><a class=\"btn btn-default\" href=\"https:\/\/casinoberjalan.co\/sr\/o-nama\/\"> Read More<span class=\"screen-reader-text\">  Read More<\/span><\/a><\/p>","protected":false},"author":1,"featured_media":0,"parent":0,"menu_order":0,"comment_status":"closed","ping_status":"closed","template":"","meta":{"_themeisle_gutenberg_block_has_review":false,"footnotes":""},"class_list":["post-222","page","type-page","status-publish","hentry"],"_links":{"self":[{"href":"https:\/\/casinoberjalan.co\/sr\/wp-json\/wp\/v2\/pages\/222","targetHints":{"allow":["GET"]}}],"collection":[{"href":"https:\/\/casinoberjalan.co\/sr\/wp-json\/wp\/v2\/pages"}],"about":[{"href":"https:\/\/casinoberjalan.co\/sr\/wp-json\/wp\/v2\/types\/page"}],"author":[{"embeddable":true,"href":"https:\/\/casinoberjalan.co\/sr\/wp-json\/wp\/v2\/users\/1"}],"replies":[{"embeddable":true,"href":"https:\/\/casinoberjalan.co\/sr\/wp-json\/wp\/v2\/comments?post=222"}],"version-history":[{"count":2,"href":"https:\/\/casinoberjalan.co\/sr\/wp-json\/wp\/v2\/pages\/222\/revisions"}],"predecessor-version":[{"id":240,"href":"https:\/\/casinoberjalan.co\/sr\/wp-json\/wp\/v2\/pages\/222\/revisions\/240"}],"wp:attachment":[{"href":"https:\/\/casinoberjalan.co\/sr\/wp-json\/wp\/v2\/media?parent=222"}],"curies":[{"name":"wp","href":"https:\/\/api.w.org\/{rel}","templated":true}]}}